{"id":204,"date":"2025-10-03T08:30:35","date_gmt":"2025-10-03T08:30:35","guid":{"rendered":"https:\/\/blester.es\/?page_id=204"},"modified":"2025-10-16T06:35:51","modified_gmt":"2025-10-16T06:35:51","slug":"servicios","status":"publish","type":"page","link":"https:\/\/blester.es\/index.php\/servicios\/","title":{"rendered":"Servicios"},"content":{"rendered":"\t\t<div data-elementor-type=\"wp-page\" data-elementor-id=\"204\" class=\"elementor elementor-204\">\n\t\t\t\t<div class=\"elementor-element elementor-element-6259039 e-flex e-con-boxed e-con e-parent\" data-id=\"6259039\" data-element_type=\"container\">\n\t\t\t\t\t<div class=\"e-con-inner\">\n\t\t\t\t<div class=\"elementor-element elementor-element-d45af67 elementor-widget elementor-widget-image\" data-id=\"d45af67\" data-element_type=\"widget\" data-widget_type=\"image.default\">\n\t\t\t\t\t\t\t\t\t\t\t\t\t\t\t<img fetchpriority=\"high\" decoding=\"async\" width=\"1200\" height=\"395\" src=\"https:\/\/blester.es\/wp-content\/uploads\/2025\/10\/skyline05web.jpg\" class=\"attachment-full size-full wp-image-764\" alt=\"\" srcset=\"https:\/\/blester.es\/wp-content\/uploads\/2025\/10\/skyline05web.jpg 1200w, https:\/\/blester.es\/wp-content\/uploads\/2025\/10\/skyline05web-300x99.jpg 300w, https:\/\/blester.es\/wp-content\/uploads\/2025\/10\/skyline05web-1024x337.jpg 1024w, https:\/\/blester.es\/wp-content\/uploads\/2025\/10\/skyline05web-768x253.jpg 768w\" sizes=\"(max-width: 1200px) 100vw, 1200px\" \/>\t\t\t\t\t\t\t\t\t\t\t\t\t\t\t<\/div>\n\t\t\t\t<div class=\"elementor-element elementor-element-fa3416c elementor-widget elementor-widget-spacer\" data-id=\"fa3416c\" data-element_type=\"widget\" data-widget_type=\"spacer.default\">\n\t\t\t\t\t\t\t<div class=\"elementor-spacer\">\n\t\t\t<div class=\"elementor-spacer-inner\"><\/div>\n\t\t<\/div>\n\t\t\t\t\t\t<\/div>\n\t\t\t\t<div class=\"elementor-element elementor-element-f8071d6 elementor-widget elementor-widget-text-editor\" data-id=\"f8071d6\" data-element_type=\"widget\" data-widget_type=\"text-editor.default\">\n\t\t\t\t\t\t\t\t\t<h3 style=\"text-align: center;\"><span style=\"color: #0a6cad;\"><strong>SERVICIOS<\/strong><\/span><\/h3>\t\t\t\t\t\t\t\t<\/div>\n\t\t\t\t<div class=\"elementor-element elementor-element-b32dacb elementor-widget elementor-widget-text-editor\" data-id=\"b32dacb\" data-element_type=\"widget\" data-widget_type=\"text-editor.default\">\n\t\t\t\t\t\t\t\t\t<p><span style=\"color: #0a6cad;\">Nuestros servicios son los siguientes:<\/span><\/p><p><span style=\"color: #0a6cad;\"><strong>\u2794 Gesti\u00f3n integral de alquileres<\/strong>:<\/span><\/p>\t\t\t\t\t\t\t\t<\/div>\n\t\t\t\t<div class=\"elementor-element elementor-element-a6b6959 elementor-widget elementor-widget-text-editor\" data-id=\"a6b6959\" data-element_type=\"widget\" data-widget_type=\"text-editor.default\">\n\t\t\t\t\t\t\t\t\t<p style=\"text-align: left;\">\u221a Firma de contratos, renovaciones y documentaci\u00f3n legal necesaria.<\/p>\n<p style=\"text-align: left;\">\u221a Emisi\u00f3n de facturas mensuales y control de cobros.<\/p>\n<p style=\"text-align: left;\">\u221a Revisi\u00f3n y actualizaci\u00f3n de rentas.<\/p>\n<p style=\"text-align: left;\">\u221a Resoluci\u00f3n de incidencias con inquilinos, comunidad de propietarios y seguros.<\/p>\n<p style=\"text-align: left;\">\u221a B\u00fasqueda y selecci\u00f3n de inquilinos.<\/p>\n<p style=\"text-align: left;\">\u221a Limpieza del inmueble para entrada de nuevo inquilino.<\/p>\n<p style=\"text-align: left;\">\u221a Entrega y recogida de llaves.<\/p>\n<p style=\"text-align: left;\">\u221a Dep\u00f3sito y recuperaci\u00f3n de fianzas.<\/p>\n<p style=\"text-align: left;\">\u221a Gesti\u00f3n de reparaciones y mantenimiento del inmueble.<\/p>\n<p style=\"text-align: left;\">\u221a Reportes mensuales de la gesti\u00f3n.<\/p>\n<p style=\"text-align: left;\">\u221a Reclamaciones extrajudiciales y judiciales por impagos y acciones de desahucio, en caso de ser necesario.<\/p>\t\t\t\t\t\t\t\t<\/div>\n\t\t\t\t<div class=\"elementor-element elementor-element-1eb99a0 elementor-widget elementor-widget-text-editor\" data-id=\"1eb99a0\" data-element_type=\"widget\" data-widget_type=\"text-editor.default\">\n\t\t\t\t\t\t\t\t\t<p><strong>\u2794 An\u00e1lisis de carteras de inmuebles<\/strong>:<b>\u00a0<\/b><\/p>\t\t\t\t\t\t\t\t<\/div>\n\t\t\t\t\t<\/div>\n\t\t\t\t<\/div>\n\t\t<div class=\"elementor-element elementor-element-ad1066a e-flex e-con-boxed e-con e-parent\" data-id=\"ad1066a\" data-element_type=\"container\">\n\t\t\t\t\t<div class=\"e-con-inner\">\n\t\t\t\t<div class=\"elementor-element elementor-element-8e00ed2 elementor-widget elementor-widget-text-editor\" data-id=\"8e00ed2\" data-element_type=\"widget\" data-widget_type=\"text-editor.default\">\n\t\t\t\t\t\t\t\t\t<p>Valoraci\u00f3n econ\u00f3mica, an\u00e1lisis de rentabilidad y estudio de\u00a0 contratos, asesorando sobre acciones a llevar a cabo para maximizar la rentabilidad y minimiza riesgos.<\/p>\t\t\t\t\t\t\t\t<\/div>\n\t\t\t\t<div class=\"elementor-element elementor-element-294434e elementor-widget elementor-widget-spacer\" data-id=\"294434e\" data-element_type=\"widget\" data-widget_type=\"spacer.default\">\n\t\t\t\t\t\t\t<div class=\"elementor-spacer\">\n\t\t\t<div class=\"elementor-spacer-inner\"><\/div>\n\t\t<\/div>\n\t\t\t\t\t\t<\/div>\n\t\t\t\t\t<\/div>\n\t\t\t\t<\/div>\n\t\t\t\t<\/div>\n\t\t","protected":false},"excerpt":{"rendered":"<p>SERVICIOS Nuestros servicios son los siguientes: \u2794 Gesti\u00f3n integral de alquileres: \u221a Firma de contratos, renovaciones y documentaci\u00f3n legal necesaria. \u221a Emisi\u00f3n de facturas mensuales y control de cobros. \u221a Revisi\u00f3n y actualizaci\u00f3n de rentas. \u221a Resoluci\u00f3n de incidencias con inquilinos, comunidad de propietarios y seguros. \u221a B\u00fasqueda y selecci\u00f3n de inquilinos. \u221a Limpieza del<br \/><a class=\"moretag\" href=\"https:\/\/blester.es\/index.php\/servicios\/\">+ Read More<\/a><\/p>\n","protected":false},"author":1,"featured_media":0,"parent":0,"menu_order":0,"comment_status":"closed","ping_status":"closed","template":"templates\/builder-fullwidth-std.php","meta":{"footnotes":""},"class_list":["post-204","page","type-page","status-publish","hentry"],"yoast_head":"<!-- This site is optimized with the Yoast SEO plugin v26.2 - https:\/\/yoast.com\/wordpress\/plugins\/seo\/ -->\n<title>Servicios -<\/title>\n<meta name=\"robots\" content=\"index, follow, max-snippet:-1, max-image-preview:large, max-video-preview:-1\" \/>\n<link rel=\"canonical\" href=\"https:\/\/blester.es\/index.php\/servicios\/\" \/>\n<meta property=\"og:locale\" content=\"es_ES\" \/>\n<meta property=\"og:type\" content=\"article\" \/>\n<meta property=\"og:title\" content=\"Servicios -\" \/>\n<meta property=\"og:description\" content=\"SERVICIOS Nuestros servicios son los siguientes: \u2794 Gesti\u00f3n integral de alquileres: \u221a Firma de contratos, renovaciones y documentaci\u00f3n legal necesaria. \u221a Emisi\u00f3n de facturas mensuales y control de cobros. \u221a Revisi\u00f3n y actualizaci\u00f3n de rentas. \u221a Resoluci\u00f3n de incidencias con inquilinos, comunidad de propietarios y seguros. \u221a B\u00fasqueda y selecci\u00f3n de inquilinos. \u221a Limpieza del+ Read More\" \/>\n<meta property=\"og:url\" content=\"https:\/\/blester.es\/index.php\/servicios\/\" \/>\n<meta property=\"article:modified_time\" content=\"2025-10-16T06:35:51+00:00\" \/>\n<meta property=\"og:image\" content=\"https:\/\/blester.es\/wp-content\/uploads\/2025\/10\/skyline05web.jpg\" \/>\n\t<meta property=\"og:image:width\" content=\"1200\" \/>\n\t<meta property=\"og:image:height\" content=\"395\" \/>\n\t<meta property=\"og:image:type\" content=\"image\/jpeg\" \/>\n<script type=\"application\/ld+json\" class=\"yoast-schema-graph\">{\"@context\":\"https:\/\/schema.org\",\"@graph\":[{\"@type\":\"WebPage\",\"@id\":\"https:\/\/blester.es\/index.php\/servicios\/\",\"url\":\"https:\/\/blester.es\/index.php\/servicios\/\",\"name\":\"Servicios -\",\"isPartOf\":{\"@id\":\"https:\/\/blester.es\/#website\"},\"primaryImageOfPage\":{\"@id\":\"https:\/\/blester.es\/index.php\/servicios\/#primaryimage\"},\"image\":{\"@id\":\"https:\/\/blester.es\/index.php\/servicios\/#primaryimage\"},\"thumbnailUrl\":\"https:\/\/blester.es\/wp-content\/uploads\/2025\/10\/skyline05web.jpg\",\"datePublished\":\"2025-10-03T08:30:35+00:00\",\"dateModified\":\"2025-10-16T06:35:51+00:00\",\"breadcrumb\":{\"@id\":\"https:\/\/blester.es\/index.php\/servicios\/#breadcrumb\"},\"inLanguage\":\"es\",\"potentialAction\":[{\"@type\":\"ReadAction\",\"target\":[\"https:\/\/blester.es\/index.php\/servicios\/\"]}]},{\"@type\":\"ImageObject\",\"inLanguage\":\"es\",\"@id\":\"https:\/\/blester.es\/index.php\/servicios\/#primaryimage\",\"url\":\"https:\/\/blester.es\/wp-content\/uploads\/2025\/10\/skyline05web.jpg\",\"contentUrl\":\"https:\/\/blester.es\/wp-content\/uploads\/2025\/10\/skyline05web.jpg\",\"width\":1200,\"height\":395},{\"@type\":\"BreadcrumbList\",\"@id\":\"https:\/\/blester.es\/index.php\/servicios\/#breadcrumb\",\"itemListElement\":[{\"@type\":\"ListItem\",\"position\":1,\"name\":\"Portada\",\"item\":\"https:\/\/blester.es\/\"},{\"@type\":\"ListItem\",\"position\":2,\"name\":\"Servicios\"}]},{\"@type\":\"WebSite\",\"@id\":\"https:\/\/blester.es\/#website\",\"url\":\"https:\/\/blester.es\/\",\"name\":\"Blester Property Management\",\"description\":\"Gesti\u00f3n Integral de Inmuebles en Alquiler\",\"publisher\":{\"@id\":\"https:\/\/blester.es\/#organization\"},\"potentialAction\":[{\"@type\":\"SearchAction\",\"target\":{\"@type\":\"EntryPoint\",\"urlTemplate\":\"https:\/\/blester.es\/?s={search_term_string}\"},\"query-input\":{\"@type\":\"PropertyValueSpecification\",\"valueRequired\":true,\"valueName\":\"search_term_string\"}}],\"inLanguage\":\"es\"},{\"@type\":\"Organization\",\"@id\":\"https:\/\/blester.es\/#organization\",\"name\":\"Blester Property Management\",\"url\":\"https:\/\/blester.es\/\",\"logo\":{\"@type\":\"ImageObject\",\"inLanguage\":\"es\",\"@id\":\"https:\/\/blester.es\/#\/schema\/logo\/image\/\",\"url\":\"https:\/\/blester.es\/wp-content\/uploads\/2025\/09\/cropped-cropped-logo-blester.jpg\",\"contentUrl\":\"https:\/\/blester.es\/wp-content\/uploads\/2025\/09\/cropped-cropped-logo-blester.jpg\",\"width\":150,\"height\":150,\"caption\":\"Blester Property Management\"},\"image\":{\"@id\":\"https:\/\/blester.es\/#\/schema\/logo\/image\/\"}}]}<\/script>\n<!-- \/ Yoast SEO plugin. -->","yoast_head_json":{"title":"Servicios -","robots":{"index":"index","follow":"follow","max-snippet":"max-snippet:-1","max-image-preview":"max-image-preview:large","max-video-preview":"max-video-preview:-1"},"canonical":"https:\/\/blester.es\/index.php\/servicios\/","og_locale":"es_ES","og_type":"article","og_title":"Servicios -","og_description":"SERVICIOS Nuestros servicios son los siguientes: \u2794 Gesti\u00f3n integral de alquileres: \u221a Firma de contratos, renovaciones y documentaci\u00f3n legal necesaria. \u221a Emisi\u00f3n de facturas mensuales y control de cobros. \u221a Revisi\u00f3n y actualizaci\u00f3n de rentas. \u221a Resoluci\u00f3n de incidencias con inquilinos, comunidad de propietarios y seguros. \u221a B\u00fasqueda y selecci\u00f3n de inquilinos. \u221a Limpieza del+ Read More","og_url":"https:\/\/blester.es\/index.php\/servicios\/","article_modified_time":"2025-10-16T06:35:51+00:00","og_image":[{"width":1200,"height":395,"url":"https:\/\/blester.es\/wp-content\/uploads\/2025\/10\/skyline05web.jpg","type":"image\/jpeg"}],"schema":{"@context":"https:\/\/schema.org","@graph":[{"@type":"WebPage","@id":"https:\/\/blester.es\/index.php\/servicios\/","url":"https:\/\/blester.es\/index.php\/servicios\/","name":"Servicios -","isPartOf":{"@id":"https:\/\/blester.es\/#website"},"primaryImageOfPage":{"@id":"https:\/\/blester.es\/index.php\/servicios\/#primaryimage"},"image":{"@id":"https:\/\/blester.es\/index.php\/servicios\/#primaryimage"},"thumbnailUrl":"https:\/\/blester.es\/wp-content\/uploads\/2025\/10\/skyline05web.jpg","datePublished":"2025-10-03T08:30:35+00:00","dateModified":"2025-10-16T06:35:51+00:00","breadcrumb":{"@id":"https:\/\/blester.es\/index.php\/servicios\/#breadcrumb"},"inLanguage":"es","potentialAction":[{"@type":"ReadAction","target":["https:\/\/blester.es\/index.php\/servicios\/"]}]},{"@type":"ImageObject","inLanguage":"es","@id":"https:\/\/blester.es\/index.php\/servicios\/#primaryimage","url":"https:\/\/blester.es\/wp-content\/uploads\/2025\/10\/skyline05web.jpg","contentUrl":"https:\/\/blester.es\/wp-content\/uploads\/2025\/10\/skyline05web.jpg","width":1200,"height":395},{"@type":"BreadcrumbList","@id":"https:\/\/blester.es\/index.php\/servicios\/#breadcrumb","itemListElement":[{"@type":"ListItem","position":1,"name":"Portada","item":"https:\/\/blester.es\/"},{"@type":"ListItem","position":2,"name":"Servicios"}]},{"@type":"WebSite","@id":"https:\/\/blester.es\/#website","url":"https:\/\/blester.es\/","name":"Blester Property Management","description":"Gesti\u00f3n Integral de Inmuebles en Alquiler","publisher":{"@id":"https:\/\/blester.es\/#organization"},"potentialAction":[{"@type":"SearchAction","target":{"@type":"EntryPoint","urlTemplate":"https:\/\/blester.es\/?s={search_term_string}"},"query-input":{"@type":"PropertyValueSpecification","valueRequired":true,"valueName":"search_term_string"}}],"inLanguage":"es"},{"@type":"Organization","@id":"https:\/\/blester.es\/#organization","name":"Blester Property Management","url":"https:\/\/blester.es\/","logo":{"@type":"ImageObject","inLanguage":"es","@id":"https:\/\/blester.es\/#\/schema\/logo\/image\/","url":"https:\/\/blester.es\/wp-content\/uploads\/2025\/09\/cropped-cropped-logo-blester.jpg","contentUrl":"https:\/\/blester.es\/wp-content\/uploads\/2025\/09\/cropped-cropped-logo-blester.jpg","width":150,"height":150,"caption":"Blester Property Management"},"image":{"@id":"https:\/\/blester.es\/#\/schema\/logo\/image\/"}}]}},"_links":{"self":[{"href":"https:\/\/blester.es\/index.php\/wp-json\/wp\/v2\/pages\/204","targetHints":{"allow":["GET"]}}],"collection":[{"href":"https:\/\/blester.es\/index.php\/wp-json\/wp\/v2\/pages"}],"about":[{"href":"https:\/\/blester.es\/index.php\/wp-json\/wp\/v2\/types\/page"}],"author":[{"embeddable":true,"href":"https:\/\/blester.es\/index.php\/wp-json\/wp\/v2\/users\/1"}],"replies":[{"embeddable":true,"href":"https:\/\/blester.es\/index.php\/wp-json\/wp\/v2\/comments?post=204"}],"version-history":[{"count":193,"href":"https:\/\/blester.es\/index.php\/wp-json\/wp\/v2\/pages\/204\/revisions"}],"predecessor-version":[{"id":1046,"href":"https:\/\/blester.es\/index.php\/wp-json\/wp\/v2\/pages\/204\/revisions\/1046"}],"wp:attachment":[{"href":"https:\/\/blester.es\/index.php\/wp-json\/wp\/v2\/media?parent=204"}],"curies":[{"name":"wp","href":"https:\/\/api.w.org\/{rel}","templated":true}]}}