{"id":44,"date":"2025-09-30T09:25:06","date_gmt":"2025-09-30T09:25:06","guid":{"rendered":"https:\/\/blester.es\/?page_id=44"},"modified":"2025-10-14T15:56:09","modified_gmt":"2025-10-14T15:56:09","slug":"quienes-somos","status":"publish","type":"page","link":"https:\/\/blester.es\/index.php\/quienes-somos\/","title":{"rendered":"Qui\u00e9nes somos"},"content":{"rendered":"\t\t<div data-elementor-type=\"wp-page\" data-elementor-id=\"44\" class=\"elementor elementor-44\">\n\t\t\t\t<div class=\"elementor-element elementor-element-ee94941 e-flex e-con-boxed e-con e-parent\" data-id=\"ee94941\" data-element_type=\"container\">\n\t\t\t\t\t<div class=\"e-con-inner\">\n\t\t\t\t<div class=\"elementor-element elementor-element-e1dbbab elementor-widget elementor-widget-image\" data-id=\"e1dbbab\" data-element_type=\"widget\" data-widget_type=\"image.default\">\n\t\t\t\t\t\t\t\t\t\t\t\t\t\t\t<img fetchpriority=\"high\" decoding=\"async\" width=\"1200\" height=\"399\" src=\"https:\/\/blester.es\/wp-content\/uploads\/2025\/10\/skyline07web.jpg\" class=\"attachment-full size-full wp-image-787\" alt=\"\" srcset=\"https:\/\/blester.es\/wp-content\/uploads\/2025\/10\/skyline07web.jpg 1200w, https:\/\/blester.es\/wp-content\/uploads\/2025\/10\/skyline07web-300x100.jpg 300w, https:\/\/blester.es\/wp-content\/uploads\/2025\/10\/skyline07web-1024x340.jpg 1024w, https:\/\/blester.es\/wp-content\/uploads\/2025\/10\/skyline07web-768x255.jpg 768w\" sizes=\"(max-width: 1200px) 100vw, 1200px\" \/>\t\t\t\t\t\t\t\t\t\t\t\t\t\t\t<\/div>\n\t\t\t\t<div class=\"elementor-element elementor-element-56dc880 elementor-widget elementor-widget-spacer\" data-id=\"56dc880\" data-element_type=\"widget\" data-widget_type=\"spacer.default\">\n\t\t\t\t\t\t\t<div class=\"elementor-spacer\">\n\t\t\t<div class=\"elementor-spacer-inner\"><\/div>\n\t\t<\/div>\n\t\t\t\t\t\t<\/div>\n\t\t\t\t<div class=\"elementor-element elementor-element-91dedeb elementor-widget elementor-widget-text-editor\" data-id=\"91dedeb\" data-element_type=\"widget\" data-widget_type=\"text-editor.default\">\n\t\t\t\t\t\t\t\t\t<h3 style=\"text-align: center;\"><span style=\"color: #0a6cad;\"><strong>QUI\u00c9NES SOMOS<\/strong><\/span><\/h3>\t\t\t\t\t\t\t\t<\/div>\n\t\t\t\t<div class=\"elementor-element elementor-element-1737b67 elementor-widget elementor-widget-text-editor\" data-id=\"1737b67\" data-element_type=\"widget\" data-widget_type=\"text-editor.default\">\n\t\t\t\t\t\t\t\t\t<p><strong>BLESTER PROPERTY MANAGEMENT<\/strong> tiene como actividad la gesti\u00f3n integral de inmuebles en alquiler para maximizar su rentabilidad, encarg\u00e1ndose de todos los aspectos legales y operativos, para que el propietario no se tenga que preocupar de ello.<\/p><p>Somos un equipo de profesionales, gestores y abogados, altamente cualificados, con amplia experiencia de m\u00e1s de 15 a\u00f1os en el sector, y centrados fundamentalmente en el segmento de viviendas, oficinas y locales comerciales en Sevilla.<\/p><p>Son principios de actuaci\u00f3n la <strong>atenci\u00f3n personalizada<\/strong> al cliente, la <strong>informaci\u00f3n continua<\/strong> sobre la marcha de la gesti\u00f3n, la <strong>transparencia<\/strong> en nuestros honorarios y, por \u00faltimo, la <strong>fidelidad<\/strong>, ya que no escatimamos esfuerzos en gestionar los inmuebles de nuestros clientes con la m\u00e1xima diligencia y profesionalidad.<\/p>\t\t\t\t\t\t\t\t<\/div>\n\t\t\t\t<div class=\"elementor-element elementor-element-8ead860 elementor-widget elementor-widget-spacer\" data-id=\"8ead860\" data-element_type=\"widget\" data-widget_type=\"spacer.default\">\n\t\t\t\t\t\t\t<div class=\"elementor-spacer\">\n\t\t\t<div class=\"elementor-spacer-inner\"><\/div>\n\t\t<\/div>\n\t\t\t\t\t\t<\/div>\n\t\t\t\t\t<\/div>\n\t\t\t\t<\/div>\n\t\t\t\t<\/div>\n\t\t","protected":false},"excerpt":{"rendered":"<p>QUI\u00c9NES SOMOS BLESTER PROPERTY MANAGEMENT tiene como actividad la gesti\u00f3n integral de inmuebles en alquiler para maximizar su rentabilidad, encarg\u00e1ndose de todos los aspectos legales y operativos, para que el propietario no se tenga que preocupar de ello. Somos un equipo de profesionales, gestores y abogados, altamente cualificados, con amplia experiencia de m\u00e1s de 15<br \/><a class=\"moretag\" href=\"https:\/\/blester.es\/index.php\/quienes-somos\/\">+ Read More<\/a><\/p>\n","protected":false},"author":1,"featured_media":0,"parent":0,"menu_order":0,"comment_status":"closed","ping_status":"closed","template":"templates\/builder-fullwidth-std.php","meta":{"footnotes":""},"class_list":["post-44","page","type-page","status-publish","hentry"],"yoast_head":"<!-- This site is optimized with the Yoast SEO plugin v26.2 - https:\/\/yoast.com\/wordpress\/plugins\/seo\/ -->\n<title>Qui\u00e9nes somos -<\/title>\n<meta name=\"robots\" content=\"index, follow, max-snippet:-1, max-image-preview:large, max-video-preview:-1\" \/>\n<link rel=\"canonical\" href=\"https:\/\/blester.es\/index.php\/quienes-somos\/\" \/>\n<meta property=\"og:locale\" content=\"es_ES\" \/>\n<meta property=\"og:type\" content=\"article\" \/>\n<meta property=\"og:title\" content=\"Qui\u00e9nes somos -\" \/>\n<meta property=\"og:description\" content=\"QUI\u00c9NES SOMOS BLESTER PROPERTY MANAGEMENT tiene como actividad la gesti\u00f3n integral de inmuebles en alquiler para maximizar su rentabilidad, encarg\u00e1ndose de todos los aspectos legales y operativos, para que el propietario no se tenga que preocupar de ello. Somos un equipo de profesionales, gestores y abogados, altamente cualificados, con amplia experiencia de m\u00e1s de 15+ Read More\" \/>\n<meta property=\"og:url\" content=\"https:\/\/blester.es\/index.php\/quienes-somos\/\" \/>\n<meta property=\"article:modified_time\" content=\"2025-10-14T15:56:09+00:00\" \/>\n<meta property=\"og:image\" content=\"https:\/\/blester.es\/wp-content\/uploads\/2025\/10\/skyline07web.jpg\" \/>\n\t<meta property=\"og:image:width\" content=\"1200\" \/>\n\t<meta property=\"og:image:height\" content=\"399\" \/>\n\t<meta property=\"og:image:type\" content=\"image\/jpeg\" \/>\n<script type=\"application\/ld+json\" class=\"yoast-schema-graph\">{\"@context\":\"https:\/\/schema.org\",\"@graph\":[{\"@type\":\"WebPage\",\"@id\":\"https:\/\/blester.es\/index.php\/quienes-somos\/\",\"url\":\"https:\/\/blester.es\/index.php\/quienes-somos\/\",\"name\":\"Qui\u00e9nes somos -\",\"isPartOf\":{\"@id\":\"https:\/\/blester.es\/#website\"},\"primaryImageOfPage\":{\"@id\":\"https:\/\/blester.es\/index.php\/quienes-somos\/#primaryimage\"},\"image\":{\"@id\":\"https:\/\/blester.es\/index.php\/quienes-somos\/#primaryimage\"},\"thumbnailUrl\":\"https:\/\/blester.es\/wp-content\/uploads\/2025\/10\/skyline07web.jpg\",\"datePublished\":\"2025-09-30T09:25:06+00:00\",\"dateModified\":\"2025-10-14T15:56:09+00:00\",\"breadcrumb\":{\"@id\":\"https:\/\/blester.es\/index.php\/quienes-somos\/#breadcrumb\"},\"inLanguage\":\"es\",\"potentialAction\":[{\"@type\":\"ReadAction\",\"target\":[\"https:\/\/blester.es\/index.php\/quienes-somos\/\"]}]},{\"@type\":\"ImageObject\",\"inLanguage\":\"es\",\"@id\":\"https:\/\/blester.es\/index.php\/quienes-somos\/#primaryimage\",\"url\":\"https:\/\/blester.es\/wp-content\/uploads\/2025\/10\/skyline07web.jpg\",\"contentUrl\":\"https:\/\/blester.es\/wp-content\/uploads\/2025\/10\/skyline07web.jpg\",\"width\":1200,\"height\":399},{\"@type\":\"BreadcrumbList\",\"@id\":\"https:\/\/blester.es\/index.php\/quienes-somos\/#breadcrumb\",\"itemListElement\":[{\"@type\":\"ListItem\",\"position\":1,\"name\":\"Portada\",\"item\":\"https:\/\/blester.es\/\"},{\"@type\":\"ListItem\",\"position\":2,\"name\":\"Qui\u00e9nes somos\"}]},{\"@type\":\"WebSite\",\"@id\":\"https:\/\/blester.es\/#website\",\"url\":\"https:\/\/blester.es\/\",\"name\":\"Blester Property Management\",\"description\":\"Gesti\u00f3n Integral de Inmuebles en Alquiler\",\"publisher\":{\"@id\":\"https:\/\/blester.es\/#organization\"},\"potentialAction\":[{\"@type\":\"SearchAction\",\"target\":{\"@type\":\"EntryPoint\",\"urlTemplate\":\"https:\/\/blester.es\/?s={search_term_string}\"},\"query-input\":{\"@type\":\"PropertyValueSpecification\",\"valueRequired\":true,\"valueName\":\"search_term_string\"}}],\"inLanguage\":\"es\"},{\"@type\":\"Organization\",\"@id\":\"https:\/\/blester.es\/#organization\",\"name\":\"Blester Property Management\",\"url\":\"https:\/\/blester.es\/\",\"logo\":{\"@type\":\"ImageObject\",\"inLanguage\":\"es\",\"@id\":\"https:\/\/blester.es\/#\/schema\/logo\/image\/\",\"url\":\"https:\/\/blester.es\/wp-content\/uploads\/2025\/09\/cropped-cropped-logo-blester.jpg\",\"contentUrl\":\"https:\/\/blester.es\/wp-content\/uploads\/2025\/09\/cropped-cropped-logo-blester.jpg\",\"width\":150,\"height\":150,\"caption\":\"Blester Property Management\"},\"image\":{\"@id\":\"https:\/\/blester.es\/#\/schema\/logo\/image\/\"}}]}<\/script>\n<!-- \/ Yoast SEO plugin. -->","yoast_head_json":{"title":"Qui\u00e9nes somos -","robots":{"index":"index","follow":"follow","max-snippet":"max-snippet:-1","max-image-preview":"max-image-preview:large","max-video-preview":"max-video-preview:-1"},"canonical":"https:\/\/blester.es\/index.php\/quienes-somos\/","og_locale":"es_ES","og_type":"article","og_title":"Qui\u00e9nes somos -","og_description":"QUI\u00c9NES SOMOS BLESTER PROPERTY MANAGEMENT tiene como actividad la gesti\u00f3n integral de inmuebles en alquiler para maximizar su rentabilidad, encarg\u00e1ndose de todos los aspectos legales y operativos, para que el propietario no se tenga que preocupar de ello. Somos un equipo de profesionales, gestores y abogados, altamente cualificados, con amplia experiencia de m\u00e1s de 15+ Read More","og_url":"https:\/\/blester.es\/index.php\/quienes-somos\/","article_modified_time":"2025-10-14T15:56:09+00:00","og_image":[{"width":1200,"height":399,"url":"https:\/\/blester.es\/wp-content\/uploads\/2025\/10\/skyline07web.jpg","type":"image\/jpeg"}],"schema":{"@context":"https:\/\/schema.org","@graph":[{"@type":"WebPage","@id":"https:\/\/blester.es\/index.php\/quienes-somos\/","url":"https:\/\/blester.es\/index.php\/quienes-somos\/","name":"Qui\u00e9nes somos -","isPartOf":{"@id":"https:\/\/blester.es\/#website"},"primaryImageOfPage":{"@id":"https:\/\/blester.es\/index.php\/quienes-somos\/#primaryimage"},"image":{"@id":"https:\/\/blester.es\/index.php\/quienes-somos\/#primaryimage"},"thumbnailUrl":"https:\/\/blester.es\/wp-content\/uploads\/2025\/10\/skyline07web.jpg","datePublished":"2025-09-30T09:25:06+00:00","dateModified":"2025-10-14T15:56:09+00:00","breadcrumb":{"@id":"https:\/\/blester.es\/index.php\/quienes-somos\/#breadcrumb"},"inLanguage":"es","potentialAction":[{"@type":"ReadAction","target":["https:\/\/blester.es\/index.php\/quienes-somos\/"]}]},{"@type":"ImageObject","inLanguage":"es","@id":"https:\/\/blester.es\/index.php\/quienes-somos\/#primaryimage","url":"https:\/\/blester.es\/wp-content\/uploads\/2025\/10\/skyline07web.jpg","contentUrl":"https:\/\/blester.es\/wp-content\/uploads\/2025\/10\/skyline07web.jpg","width":1200,"height":399},{"@type":"BreadcrumbList","@id":"https:\/\/blester.es\/index.php\/quienes-somos\/#breadcrumb","itemListElement":[{"@type":"ListItem","position":1,"name":"Portada","item":"https:\/\/blester.es\/"},{"@type":"ListItem","position":2,"name":"Qui\u00e9nes somos"}]},{"@type":"WebSite","@id":"https:\/\/blester.es\/#website","url":"https:\/\/blester.es\/","name":"Blester Property Management","description":"Gesti\u00f3n Integral de Inmuebles en Alquiler","publisher":{"@id":"https:\/\/blester.es\/#organization"},"potentialAction":[{"@type":"SearchAction","target":{"@type":"EntryPoint","urlTemplate":"https:\/\/blester.es\/?s={search_term_string}"},"query-input":{"@type":"PropertyValueSpecification","valueRequired":true,"valueName":"search_term_string"}}],"inLanguage":"es"},{"@type":"Organization","@id":"https:\/\/blester.es\/#organization","name":"Blester Property Management","url":"https:\/\/blester.es\/","logo":{"@type":"ImageObject","inLanguage":"es","@id":"https:\/\/blester.es\/#\/schema\/logo\/image\/","url":"https:\/\/blester.es\/wp-content\/uploads\/2025\/09\/cropped-cropped-logo-blester.jpg","contentUrl":"https:\/\/blester.es\/wp-content\/uploads\/2025\/09\/cropped-cropped-logo-blester.jpg","width":150,"height":150,"caption":"Blester Property Management"},"image":{"@id":"https:\/\/blester.es\/#\/schema\/logo\/image\/"}}]}},"_links":{"self":[{"href":"https:\/\/blester.es\/index.php\/wp-json\/wp\/v2\/pages\/44","targetHints":{"allow":["GET"]}}],"collection":[{"href":"https:\/\/blester.es\/index.php\/wp-json\/wp\/v2\/pages"}],"about":[{"href":"https:\/\/blester.es\/index.php\/wp-json\/wp\/v2\/types\/page"}],"author":[{"embeddable":true,"href":"https:\/\/blester.es\/index.php\/wp-json\/wp\/v2\/users\/1"}],"replies":[{"embeddable":true,"href":"https:\/\/blester.es\/index.php\/wp-json\/wp\/v2\/comments?post=44"}],"version-history":[{"count":116,"href":"https:\/\/blester.es\/index.php\/wp-json\/wp\/v2\/pages\/44\/revisions"}],"predecessor-version":[{"id":993,"href":"https:\/\/blester.es\/index.php\/wp-json\/wp\/v2\/pages\/44\/revisions\/993"}],"wp:attachment":[{"href":"https:\/\/blester.es\/index.php\/wp-json\/wp\/v2\/media?parent=44"}],"curies":[{"name":"wp","href":"https:\/\/api.w.org\/{rel}","templated":true}]}}